{"id":294,"date":"2012-08-01T06:12:12","date_gmt":"2012-08-01T04:12:12","guid":{"rendered":"https:\/\/www.gartenkunst-degen.de\/?page_id=294"},"modified":"2012-08-01T07:07:39","modified_gmt":"2012-08-01T05:07:39","slug":"uber-mich","status":"publish","type":"page","link":"https:\/\/www.gartenkunst-degen.de\/?page_id=294","title":{"rendered":"\u00dcber mich"},"content":{"rendered":"<p><img loading=\"lazy\" class=\"img-frame alignleft\" src=\"https:\/\/www.gartenkunst-degen.de\/wp-content\/uploads\/2012\/08\/Christian-Degen.jpg\" alt=\"\" width=\"143\" height=\"251\" \/><strong>Christian Degen<\/strong><\/p>\n<p>wurde am 10.08.1966 als j\u00fcngstes von 5 Kindern in Sche\u00dfltz geboren. Er wuchs in Hollfeld auf einem Aussiedlerhof auf.\u00a0Nach Beendigung der5 Gesamtschule Hollfeld, begann er eine Ausbildung zum Maler\/ Kirchenmaler. Nach Abschluss der Ausbildung folgte die Bundeswehr. Danach arbeitete er 3 Jahre in Kr\u00f6gelstein als Stuckateur. Von da an machte er sich mit einem Aquaristikladen selbst\u00e4ndig.Anschlie\u00dfend baute er Zimmerspringbrunnen und begann parallel dazu mit der Gartengestaltung. Er er\u00f6ffnete in Hollfeld den Laden \u201eK\u00fcnstlerstadl\u201c, eine ausgebaute Scheune. Da im Gartenbau immer h\u00f6here Anspr\u00fcche gestellt wurden, baute Christian Degen seinen ersten Pavillon aus Metall. Daraus folgte seine Leidenschaft f\u00fcr die Herstellung von Metallskulpturen. Stein, Metall und Holz werden von Christian Degen von nun an bearbeitet und in \u201eseinen\u201c G\u00e4rten integriert.<\/p>\n<p>Zwischenzeitlich wurde noch, nach 5-j\u00e4hriger Bauzeit das \u201eWirtshaus Moritz\u201c er\u00f6ffnet. Der dazugeh\u00f6rige Biergarten wird als Ausstellungsgel\u00e4nde f\u00fcr die Kunstobjekte genutzt<\/p>\n","protected":false},"excerpt":{"rendered":"<p>Christian Degen wurde am 10.08.1966 als j\u00fcngstes von 5 Kindern in Sche\u00dfltz geboren. Er wuchs in Hollfeld auf einem Aussiedlerhof auf.\u00a0Nach Beendigung der5 Gesamtschule Hollfeld, begann er eine Ausbildung zum Maler\/ Kirchenmaler. Nach Abschluss der Ausbildung folgte die Bundeswehr. Danach arbeitete er 3 Jahre in Kr\u00f6gelstein als Stuckateur. Von da an machte er sich mit [&hellip;]<\/p>\n","protected":false},"author":1,"featured_media":0,"parent":0,"menu_order":0,"comment_status":"open","ping_status":"open","template":"","meta":[],"_links":{"self":[{"href":"https:\/\/www.gartenkunst-degen.de\/index.php?rest_route=\/wp\/v2\/pages\/294"}],"collection":[{"href":"https:\/\/www.gartenkunst-degen.de\/index.php?rest_route=\/wp\/v2\/pages"}],"about":[{"href":"https:\/\/www.gartenkunst-degen.de\/index.php?rest_route=\/wp\/v2\/types\/page"}],"author":[{"embeddable":true,"href":"https:\/\/www.gartenkunst-degen.de\/index.php?rest_route=\/wp\/v2\/users\/1"}],"replies":[{"embeddable":true,"href":"https:\/\/www.gartenkunst-degen.de\/index.php?rest_route=%2Fwp%2Fv2%2Fcomments&post=294"}],"version-history":[{"count":14,"href":"https:\/\/www.gartenkunst-degen.de\/index.php?rest_route=\/wp\/v2\/pages\/294\/revisions"}],"predecessor-version":[{"id":342,"href":"https:\/\/www.gartenkunst-degen.de\/index.php?rest_route=\/wp\/v2\/pages\/294\/revisions\/342"}],"wp:attachment":[{"href":"https:\/\/www.gartenkunst-degen.de\/index.php?rest_route=%2Fwp%2Fv2%2Fmedia&parent=294"}],"curies":[{"name":"wp","href":"https:\/\/api.w.org\/{rel}","templated":true}]}}