{"id":670,"date":"2018-05-18T22:45:04","date_gmt":"2018-05-18T20:45:04","guid":{"rendered":"https:\/\/www.gartenkunst-degen.de\/?page_id=670"},"modified":"2018-05-18T22:46:21","modified_gmt":"2018-05-18T20:46:21","slug":"datenschutzerklaerung","status":"publish","type":"page","link":"https:\/\/www.gartenkunst-degen.de\/?page_id=670","title":{"rendered":"Datenschutzerkl\u00e4rung"},"content":{"rendered":"<p>Gartenkunst Degen<\/p>\n<p>Christian Degen<\/p>\n<p>Eiergasse 14<\/p>\n<p>96142 Hollfeld<\/p>\n<p>Telefon:\u00a00170 \/ 2436367<br \/>\nTelefax:\u00a009274 \/ 80636<\/p>\n<p>Mail: info@garten-kunst-degen.de<\/p>\n<p>Inhaber: Christian Degen<\/p>\n<p><strong>Allgemeine Hinweise zur Datenschutzerkl\u00e4rung<\/strong><\/p>\n<p>Gartenkunst Degen \/ Christian Degen nimmt als Betreiber dieser Website den Schutz Ihrer pers\u00f6nlichen Daten sehr ernst. Wir behandeln Ihre personenbezogenen Daten vertraulich und entsprechend der gesetzlichen Datenschutzvorschriften sowie dieser Datenschutzerkl\u00e4rung. Wir haben technische und organisatorische Ma\u00dfnahmen getroffen, die sicherstellen, dass die Vorschriften \u00fcber den Datenschutz sowohl von uns als auch von ggf. involvierten externen Dienstleistern beachtet werden.<\/p>\n<p>Diese Datenschutzerkl\u00e4rung soll die Nutzer dieser Website \u00fcber die Art, den Umfang und den Zweck der Erhebung und Verwendung personenbezogener Daten informieren. Da durch neue Technologien und die st\u00e4ndige Weiterentwicklung dieser Webseite \u00c4nderungen an dieser Datenschutzerkl\u00e4rung vorgenommen werden k\u00f6nnen, empfehlen wir Ihnen sich die Datenschutzerkl\u00e4rung in regelm\u00e4\u00dfigen Abst\u00e4nden wieder durchzulesen. Definitionen der verwendeten Begriffe (z.B. \u201cpersonenbezogene Daten\u201d oder \u201cVerarbeitung\u201d) finden Sie in Art. 4 DSGVO.<\/p>\n<p>Wir weisen darauf hin, dass die Daten\u00fcbertragung im Internet (z.B. bei der Kommunikation per E-Mail) Sicherheitsl\u00fccken aufweisen kann. Ein l\u00fcckenloser Schutz der Daten vor dem Zugriff durch Dritte ist nicht m\u00f6glich. Wir empfehlen Ihnen daher, insbesondere f\u00fcr Kommunikation per E-Mail eine Transportverschl\u00fcsselung wie bspw. TLS zu verwenden. Entsprechende Einstellungen finden Sie in Ihrem E-Mail-Programm und ggf. auch bei Ihrem E-Mail-Provider. Unser E-Mail Provider unterst\u00fctzt TLS.<\/p>\n<p><strong>Hinweis zu personenbezogenen Daten:<\/strong><\/p>\n<p>Personenbezogene Daten sind Informationen, die dazu genutzt werden k\u00f6nnen, Ihre Identit\u00e4t zu erfahren. Darunter fallen Informationen wie z.B. Ihr richtiger Name, Adresse, Postanschrift, Telefonnummer.<\/p>\n<p>Sie k\u00f6nnen unsere Website grunds\u00e4tzlich ohne Offenlegung Ihrer Identit\u00e4t nutzen. Wir erfassen grunds\u00e4tzlich keine personenbezogene Daten.<\/p>\n<p>Nehmen Sie mit uns als Websitebetreiber durch die angebotenen Kontaktm\u00f6glichkeiten Verbindung auf, werden Ihre Angaben gespeichert, damit auf diese zur Bearbeitung und Beantwortung Ihrer Anfrage zur\u00fcckgegriffen werden kann. Ohne Ihre Einwilligung werden diese Daten nicht an Dritte weitergegeben.<\/p>\n<p>Die Datenverarbeitung auf dieser Website erfolgt durch den Websitebetreiber \u00a0Dessen Kontaktdaten k\u00f6nnen Sie dem Impressum dieser Website entnehmen.<\/p>\n<p>Personenbezogene Daten, die Sie uns auf anderem Wege freiwillig \u00fcberlassen, bspw. durch Absender oder Signatur Ihre E-Mail, werden ebenso nach den Vorschriften \u00fcber den Datenschutz behandelt.<\/p>\n<p><strong>Hinweis zur Speicherung von IP-Adressen<\/strong><\/p>\n<p>Ihre IP-Adresse wird in personenbeziehbarer Form beim Zugangsprovider (f\u00fcr die Ermittlung von Straftaten und andere Zwecke) innerhalb der gesetzlichen Fristen gespeichert. Wir haben darauf keinerlei Einfluss. Es findet keine personenbezogene Verwertung durch uns oder in unserem Auftrag statt.<\/p>\n<p><strong>Hinweis auf Ihre Rechte als Nutzer<\/strong><\/p>\n<p>Sie haben als Nutzer das Recht, auf Antrag eine kostenlose Auskunft dar\u00fcber zu erhalten, welche personenbezogenen Daten \u00fcber Sie gespeichert wurden. Sie haben au\u00dferdem das Recht auf Berichtigung falscher Daten und auf die Verarbeitungseinschr\u00e4nkung oder L\u00f6schung Ihrer personenbezogenen Daten. Sollten Sie annehmen, dass Ihre Daten unrechtm\u00e4\u00dfig verarbeitet wurden, k\u00f6nnen Sie eine Beschwerde bei der zust\u00e4ndigen Aufsichtsbeh\u00f6rde einreichen.<\/p>\n<p><strong>Hinweis auf L\u00f6schung der Daten<\/strong><\/p>\n<p>Sie k\u00f6nnen eine L\u00f6schung Ihrer Daten verlangen, sofern Ihr Wunsch nicht mit einer gesetzlichen Pflicht zur Aufbewahrung von Daten (z. B. Vorratsdatenspeicherung) kollidiert. Von uns gespeicherte Daten werden, sollten sie f\u00fcr ihre Zweckbestimmung nicht mehr vonn\u00f6ten sein und es keine gesetzlichen Aufbewahrungsfristen geben, eigenst\u00e4ndig gel\u00f6scht. Falls eine L\u00f6schung nicht durchgef\u00fchrt werden kann, da die Daten f\u00fcr zul\u00e4ssige gesetzliche Zwecke erforderlich sind, erfolgt eine Einschr\u00e4nkung der Datenverarbeitung. In diesem Fall werden die Daten gesperrt und nicht f\u00fcr andere Zwecke verarbeitet.<\/p>\n<p><strong>Hinweis zu Cookies<\/strong><\/p>\n<p>Wir verwenden auf unserer Website keine Cookies.<\/p>\n<p><strong>Hinweis zu Links auf andere Websites<\/strong><\/p>\n<p>Unsere Website enth\u00e4lt Links zu anderen Websites. Wir haben keinen Einfluss darauf, dass deren Betreiber die Datenschutzbestimmungen einhalten.<\/p>\n<p><strong>Hinweis auf Widerspruchsrecht<\/strong><\/p>\n<p>Wenn Sie uns personenbezogene Daten \u00fcberlassen haben, k\u00f6nnen Sie diese durch uns jederzeit wieder l\u00f6schen lassen, soweit wir nicht durch gesetzliche Aufbewahrungspflichten, etwa zu steuerlichen oder buchhalterischen Zwecken, gehalten sind, diese Daten f\u00fcr einen bestimmten Zeitraum zu speichern. Weiterhin k\u00f6nnen Sie falsch erfasste Daten selbstverst\u00e4ndlich jederzeit korrigieren lassen.<\/p>\n<p>Ihr Recht auf Widerruf und Korrektur k\u00f6nnen Sie uns gegen\u00fcber unter der im Impressum angegebenen Adresse geltend machen.<\/p>\n<p><strong>Beschwerderecht bei der zust\u00e4ndigen Aufsichtsbeh\u00f6rde<\/strong><\/p>\n<p>Im Falle datenschutzrechtlicher Verst\u00f6\u00dfe steht dem Betroffenen ein Beschwerderecht bei der zust\u00e4ndigen Aufsichtsbeh\u00f6rde zu. Zust\u00e4ndige Aufsichtsbeh\u00f6rde in datenschutzrechtlichen Fragen ist der Landesdatenschutzbeauftragte des Bundeslandes Bayern.<\/p>\n<p>Hollfeld, den 25.5.2018<\/p>\n","protected":false},"excerpt":{"rendered":"<p>Gartenkunst Degen Christian Degen Eiergasse 14 96142 Hollfeld Telefon:\u00a00170 \/ 2436367 Telefax:\u00a009274 \/ 80636 Mail: info@garten-kunst-degen.de Inhaber: Christian Degen Allgemeine Hinweise zur Datenschutzerkl\u00e4rung Gartenkunst Degen \/ Christian Degen nimmt als Betreiber dieser Website den Schutz Ihrer pers\u00f6nlichen Daten sehr ernst. Wir behandeln Ihre personenbezogenen Daten vertraulich und entsprechend der gesetzlichen Datenschutzvorschriften sowie dieser Datenschutzerkl\u00e4rung. Wir [&hellip;]<\/p>\n","protected":false},"author":1,"featured_media":0,"parent":0,"menu_order":0,"comment_status":"closed","ping_status":"closed","template":"","meta":[],"_links":{"self":[{"href":"https:\/\/www.gartenkunst-degen.de\/index.php?rest_route=\/wp\/v2\/pages\/670"}],"collection":[{"href":"https:\/\/www.gartenkunst-degen.de\/index.php?rest_route=\/wp\/v2\/pages"}],"about":[{"href":"https:\/\/www.gartenkunst-degen.de\/index.php?rest_route=\/wp\/v2\/types\/page"}],"author":[{"embeddable":true,"href":"https:\/\/www.gartenkunst-degen.de\/index.php?rest_route=\/wp\/v2\/users\/1"}],"replies":[{"embeddable":true,"href":"https:\/\/www.gartenkunst-degen.de\/index.php?rest_route=%2Fwp%2Fv2%2Fcomments&post=670"}],"version-history":[{"count":2,"href":"https:\/\/www.gartenkunst-degen.de\/index.php?rest_route=\/wp\/v2\/pages\/670\/revisions"}],"predecessor-version":[{"id":674,"href":"https:\/\/www.gartenkunst-degen.de\/index.php?rest_route=\/wp\/v2\/pages\/670\/revisions\/674"}],"wp:attachment":[{"href":"https:\/\/www.gartenkunst-degen.de\/index.php?rest_route=%2Fwp%2Fv2%2Fmedia&parent=670"}],"curies":[{"name":"wp","href":"https:\/\/api.w.org\/{rel}","templated":true}]}}